{"id":6412,"date":"2021-08-31T00:59:54","date_gmt":"2021-08-30T22:59:54","guid":{"rendered":"https:\/\/ahq.at\/?page_id=6412"},"modified":"2023-11-30T23:40:02","modified_gmt":"2023-11-30T22:40:02","slug":"dongyang","status":"publish","type":"page","link":"https:\/\/www.ahq.at\/de\/dongyang","title":{"rendered":"Produkt"},"content":{"rendered":"<p>[vc_row full_width=&#8220;stretch_row&#8220; el_class=&#8220;vc-fill-notop-padding&#8220;][vc_column css=&#8220;.vc_custom_1465550877496{padding-right: 10px !important;padding-left: 10px !important;}&#8220;][vc_empty_space height=&#8220;20px&#8220;][vc_custom_heading text=&#8220;Dong Yang 21 Bakteriostatische Salbe&#8220; font_container=&#8220;tag:h1|text_align:left&#8220; use_theme_fonts=&#8220;yes&#8220;][vc_separator color=&#8220;custom&#8220; align=&#8220;align_left&#8220; style=&#8220;stitch-dashed&#8220; el_width=&#8220;10&#8243; accent_color=&#8220;#a58251&#8243;][vc_empty_space height=&#8220;5px&#8220;][vc_column_text]In &#8222;SuWen&#8220; (der Gelbe Kaiser) wird \u00fcber den Fluss der Hunderten von Meridianen zur Lunge gesprochen. Unter normalen Umst\u00e4nden gibt es Impulse, das Meridian-Qi kehrt in die Lunge zur\u00fcck, und breitet sich auf dem Haut und Haare aus. Es vereint sich mit der Essenz und bewegen das Qi in den inneren Organen, und der Geist der inneren Organe ist stark und verbleibt in Si Zan. Gleichgewicht kehrt zur\u00fcck, so entsteht die Harmonie. Daher kann die Bewegung von Qi und Blut im K\u00f6rper, die St\u00e4rke und Schw\u00e4che, alle daran ermessen werden. [\/vc_column_text][\/vc_column][\/vc_row][vc_row full_width=&#8220;stretch_row&#8220; css=&#8220;.vc_custom_1468395702227{background: #ece6d7 url(https:\/\/ahq.at\/wp-content\/uploads\/2016\/04\/floral-bg-parallax.png?id=5425) !important;background-position: 0 0 !important;background-repeat: no-repeat !important;}&#8220; addstyles=&#8220;background-position: right bottom !important;&#8220; el_class=&#8220;vc_nopadding_override_xs&#8220;][vc_column width=&#8220;1\/2&#8243; el_class=&#8220;dt-sc-skin-highlight extend-bg-fullwidth-left&#8220; css=&#8220;.vc_custom_1465629591524{padding-right: 30px !important;padding-left: 30px !important;}&#8220;][vc_empty_space][vc_custom_heading text=&#8220;Hauptmerkmale&#8220; font_container=&#8220;tag:h3|font_size:40px|text_align:right|color:%23e5dbc1|line_height:normal&#8220; google_fonts=&#8220;font_family:Satisfy%3Aregular|font_style:400%20regular%3A400%3Anormal&#8220;][vc_custom_heading text=&#8220;Rein TCM pflanzliche Inhaltsstoffe&#8220; font_container=&#8220;tag:h2|font_size:30px|text_align:right|color:%23484338&#8243; use_theme_fonts=&#8220;yes&#8220; addstyles=&#8220;letter-spacing: 0.3em;&#8220;][vc_empty_space height=&#8220;16px&#8220;][vc_separator color=&#8220;custom&#8220; style=&#8220;stitch-dashed&#8220; accent_color=&#8220;#e5dbc1&#8243; css=&#8220;.vc_custom_1465628512251{margin-top: 50px !important;margin-bottom: 35px !important;}&#8220;][vc_empty_space height=&#8220;16px&#8220;][\/vc_column][vc_column width=&#8220;1\/2&#8243; css=&#8220;.vc_custom_1465629598771{padding-right: 30px !important;padding-left: 30px !important;background-position: 0 0 !important;background-repeat: no-repeat !important;}&#8220;][vc_tta_accordion][vc_tta_section title=&#8220;Die erste Schutzstufe&#8220; tab_id=&#8220;1630792010633-3092f86b-d4a7&#8243;][vc_column_text]<strong>Verhindert das Eindringen von Viren und Bakterien durch Mund, Nase und Haut.<\/strong><br \/>\nDirekte Anwendung auf Haut und Nasenschleimhaut zur schnellen Absorption und Verhinderung des Eindringens von Viren, Bakterien und Pilzen.[\/vc_column_text][\/vc_tta_section][vc_tta_section title=&#8220;Die zweite Schutzstufe&#8220; tab_id=&#8220;1630792010795-59b063ca-ccc7&#8243;][vc_column_text]<strong>Antivirale, antibakterielle und antimykotische Therapie<\/strong><\/p>\n<ol>\n<li>Wirkstoffe: antiviral, antibakteriell und pilzhemmend<\/li>\n<li><strong>Antiviral:<\/strong> Artemisiae Annuae, Lonicerae Flos, Osmunda Jap. Thunb Antibakteriell, antimykotisch: Atractylodis Lancea, Atractylodis Macrocephala, Angelica Dahurica, Zimt, Artemisiae Annuae<\/li>\n<li><strong>Verbesserung der Immunit\u00e4t:<\/strong> Saposhnikoviae Radix, Forsythia<\/li>\n<li><strong>Schutz der Schleimh\u00e4ute:<\/strong> Nelke \/ Astragali Radix<\/li>\n<\/ol>\n<p>[\/vc_column_text][\/vc_tta_section][vc_tta_section title=&#8220;Bakterien und Virus Abt\u00f6tungsrate 99.99%&#8220; tab_id=&#8220;1630792157033-5d649ef5-b3fe&#8220;][vc_gallery type=&#8220;image_grid&#8220; images=&#8220;6558,6559,6560,6561&#8243; img_size=&#8220;100&#215;140&#8243; css_animation=&#8220;fadeIn&#8220;][\/vc_tta_section][\/vc_tta_accordion][\/vc_column][\/vc_row][vc_row full_width=&#8220;stretch_row&#8220; el_class=&#8220;vc-fill-notop-padding&#8220;][vc_column css=&#8220;.vc_custom_1465550877496{padding-right: 10px !important;padding-left: 10px !important;}&#8220;][vc_empty_space height=&#8220;20px&#8220;][\/vc_column][vc_column width=&#8220;1\/2&#8243; css=&#8220;.vc_custom_1468395848528{padding-right: 10px !important;padding-left: 10px !important;}&#8220; el_class=&#8220;rs_col-sm-12&#8243;][vc_single_image image=&#8220;6426&#8243; img_size=&#8220;full&#8220; el_class=&#8220;outer-frame-border&#8220;][vc_row_inner css=&#8220;.vc_custom_1465551003895{margin-right: -10px !important;margin-left: -10px !important;}&#8220;][vc_column_inner css=&#8220;.vc_custom_1465550907537{padding-right: 10px !important;padding-left: 10px !important;}&#8220;][\/vc_column_inner][\/vc_row_inner][\/vc_column][vc_column width=&#8220;1\/2&#8243; css=&#8220;.vc_custom_1468395853416{padding-right: 10px !important;padding-left: 30px !important;}&#8220; el_class=&#8220;rs_col-sm-12&#8243;]<div class=\"smile_icon_list_wrap ult_info_list_container ult-adjust-bottom-margin  \"><ul class=\"smile_icon_list left square with_bg\"><li class=\"icon_list_item\" style=\" font-size:72px;\"><div class=\"icon_list_icon\" data-animation=\"bounceIn\" data-animation-delay=\"03\" style=\"font-size:24px;border-width:1px;border-style:none;background:#ffffff;color:#333333;border-color:#333333;\"><img class=\"list-img-icon\" alt=\"ico-duo-leaf\" src=\"https:\/\/www.ahq.at\/wp-content\/uploads\/2016\/05\/ico-duo-leaf.png\"\/><\/div><div class=\"icon_description\" id=\"Info-list-wrap-4229\" style=\"font-size:24px;\"><h6 class=\"ult-responsive info-list-heading\"  data-ultimate-target='#Info-list-wrap-4229 h6'  data-responsive-json-new='{\"font-size\":\"desktop:16px;\",\"line-height\":\"desktop:24px;\"}'  style=\"\">Antibakteriell<\/h6><div class=\"icon_description_text ult-responsive\"  data-ultimate-target='#Info-list-wrap-4229 .icon_description_text'  data-responsive-json-new='{\"font-size\":\"desktop:13px;\",\"line-height\":\"desktop:18px;\"}'  style=\"\"><p>Atractylodis Lancea \/ Atractylodis Macrocephala \/ Angelica Dahurica \/ Zimt \/ Artemisiae Annuae\uff1aHemmt Staphylococcus aureus, Escherichia coli, Candida albicans, Flocculina epidermidis<\/p>\n<\/div><\/div><div class=\"icon_list_connector\"  style=\"border-right-width: 1px;border-right-style: dashed;border-color: #333333;\"><\/div><\/li><li class=\"icon_list_item\" style=\" font-size:72px;\"><div class=\"icon_list_icon\" data-animation=\"bounceIn\" data-animation-delay=\"03\" style=\"font-size:24px;border-width:1px;border-style:none;background:#ffffff;color:#333333;border-color:#333333;\"><img class=\"list-img-icon\" alt=\"ico-duo-leaf\" src=\"https:\/\/www.ahq.at\/wp-content\/uploads\/2016\/05\/ico-duo-leaf.png\"\/><\/div><div class=\"icon_description\" id=\"Info-list-wrap-8290\" style=\"font-size:24px;\"><h6 class=\"ult-responsive info-list-heading\"  data-ultimate-target='#Info-list-wrap-8290 h6'  data-responsive-json-new='{\"font-size\":\"desktop:16px;\",\"line-height\":\"desktop:24px;\"}'  style=\"\">Antiviral<\/h6><div class=\"icon_description_text ult-responsive\"  data-ultimate-target='#Info-list-wrap-8290 .icon_description_text'  data-responsive-json-new='{\"font-size\":\"desktop:13px;\",\"line-height\":\"desktop:18px;\"}'  style=\"\"><p>Artemisiae Annuae \/ Lonicerae Flos\/Osmunda Jap. Thunb.\uff1aHemmung der Virusreplikation<\/p>\n<\/div><\/div><div class=\"icon_list_connector\"  style=\"border-right-width: 1px;border-right-style: dashed;border-color: #333333;\"><\/div><\/li><li class=\"icon_list_item\" style=\" font-size:72px;\"><div class=\"icon_list_icon\" data-animation=\"bounceIn\" data-animation-delay=\"03\" style=\"font-size:24px;border-width:1px;border-style:none;background:#ffffff;color:#333333;border-color:#333333;\"><img class=\"list-img-icon\" alt=\"ico-duo-leaf\" src=\"https:\/\/www.ahq.at\/wp-content\/uploads\/2016\/05\/ico-duo-leaf.png\"\/><\/div><div class=\"icon_description\" id=\"Info-list-wrap-7269\" style=\"font-size:24px;\"><h6 class=\"ult-responsive info-list-heading\"  data-ultimate-target='#Info-list-wrap-7269 h6'  data-responsive-json-new='{\"font-size\":\"desktop:16px;\",\"line-height\":\"desktop:24px;\"}'  style=\"\">St\u00e4rkung der Immunit\u00e4t<\/h6><div class=\"icon_description_text ult-responsive\"  data-ultimate-target='#Info-list-wrap-7269 .icon_description_text'  data-responsive-json-new='{\"font-size\":\"desktop:13px;\",\"line-height\":\"desktop:18px;\"}'  style=\"\"><p>Saposhnikoviae Radix \/ Forsythia: Erh\u00f6ht die phagozytische Kapazit\u00e4t<\/p>\n<\/div><\/div><div class=\"icon_list_connector\"  style=\"border-right-width: 1px;border-right-style: dashed;border-color: #333333;\"><\/div><\/li><li class=\"icon_list_item\" style=\" font-size:72px;\"><div class=\"icon_list_icon\" data-animation=\"bounceIn\" data-animation-delay=\"03\" style=\"font-size:24px;border-width:1px;border-style:none;background:#ffffff;color:#333333;border-color:#333333;\"><img class=\"list-img-icon\" alt=\"ico-duo-leaf\" src=\"https:\/\/www.ahq.at\/wp-content\/uploads\/2016\/05\/ico-duo-leaf.png\"\/><\/div><div class=\"icon_description\" id=\"Info-list-wrap-3890\" style=\"font-size:24px;\"><h6 class=\"ult-responsive info-list-heading\"  data-ultimate-target='#Info-list-wrap-3890 h6'  data-responsive-json-new='{\"font-size\":\"desktop:16px;\",\"line-height\":\"desktop:24px;\"}'  style=\"\">Schutz der Schleimh\u00e4ute<\/h6><div class=\"icon_description_text ult-responsive\"  data-ultimate-target='#Info-list-wrap-3890 .icon_description_text'  data-responsive-json-new='{\"font-size\":\"desktop:13px;\",\"line-height\":\"desktop:18px;\"}'  style=\"\"><p>Nelke \/ Astragali Radix\uff1aF\u00e4ngt freie Radikale ab und sch\u00fctzt die Schleimh\u00e4ute<\/p>\n<\/div><\/div><div class=\"icon_list_connector\"  style=\"border-right-width: 1px;border-right-style: dashed;border-color: #333333;\"><\/div><\/li><\/ul><\/div>[\/vc_column][vc_column][vc_column_text css=&#8220;.vc_custom_1701383852225{margin-bottom: 0px !important;}&#8220;]\u3010Produktname\u3011Dong Yang 21 Bakteriostatische Salbe<br \/>\n\u3010Inhaltsstoffe\u3011Atractylodis Lancea, Atractylodis Macrocephala, Lonicerae Flos, Saposhnikoviae Radix, Osmunda Japonica Thunb, Astragali Radix, Angelica Dahurica, Forsythia, Gew\u00fcrznelke, Artemisiae Annuae, Zimt, Glycerin, Vaseline, Pfefferminz\u00f6l, Sesam\u00f6l, Destilliertes Wasser<br \/>\n\u3010Wirkung\u3011u.a. hemmende Wirkung auf Staphylococcus Aureus,Escherichia Coli und Candida Albicans.<br \/>\n\u3010Dosierung\u3011auf die Haut\/Schleimhaut gleichm\u00e4\u00dfig auftragen, 1-4 mal t\u00e4glich.<br \/>\n\u3010Anmerkung\u30111. Dieses Produkt ist zur \u00e4u\u00dferlichen Anwendung bestimmt und sollte nicht oral eingenommen werden.2. Nicht f\u00fcr Allergiker, Schwangere und Kleinkinder<br \/>\n\u3010Netto Inhalt\u301110g\/Flasche<br \/>\n\u3010Lagerung\u3011vor Licht sch\u00fctzen, an k\u00fchle und trockene Ort aufbewahren<br \/>\n\u3010Mindesthaltbarkeitsdatum\u3011siehe Verpackung[\/vc_column_text][\/vc_column][\/vc_row][vc_row full_width=&#8220;stretch_row&#8220; el_class=&#8220;vc-fill-notop-padding&#8220;][vc_column css=&#8220;.vc_custom_1465550877496{padding-right: 10px !important;padding-left: 10px !important;}&#8220;][vc_empty_space height=&#8220;20px&#8220;][\/vc_column][\/vc_row][vc_row full_width=&#8220;stretch_row&#8220; css=&#8220;.vc_custom_1465652838346{background-color: #f2e9d2 !important;}&#8220;][vc_column][vc_empty_space height=&#8220;16px&#8220;][\/vc_column][vc_column][vc_custom_heading text=&#8220;Klinische Indikationen der bakteriostatischen Salbe<br \/>\nDongyang 21&#8243; font_container=&#8220;tag:h2|text_align:center&#8220; use_theme_fonts=&#8220;yes&#8220; css=&#8220;.vc_custom_1630873988120{margin-bottom: 0px !important;}&#8220;][vc_text_separator title=&#8220;&#8220; i_type=&#8220;custom-image&#8220; color=&#8220;custom&#8220; style=&#8220;stitch-dashed&#8220; el_width=&#8220;40&#8243; add_icon=&#8220;true&#8220; image=&#8220;6002&#8243; accent_color=&#8220;#a58251&#8243; el_class=&#8220;ico-size-small&#8220;][vc_empty_space height=&#8220;20px&#8220;][vc_row_inner][vc_column_inner width=&#8220;1\/3&#8243;][vc_column_text]<strong>Pr\u00e4vention der Atemweg Erkrankungen<\/strong>[\/vc_column_text][vc_hoverbox image=&#8220;6471&#8243; primary_title=&#8220;&#8220; primary_title_font_container=&#8220;font_size:15&#8243; primary_title_use_theme_fonts=&#8220;yes&#8220; hover_title=&#8220;&#8220; hover_title_font_container=&#8220;font_size:12&#8243; hover_title_use_theme_fonts=&#8220;yes&#8220; hover_background_color=&#8220;sandy-brown&#8220; use_custom_fonts_primary_title=&#8220;true&#8220; use_custom_fonts_hover_title=&#8220;true&#8220;]<strong>Pr\u00e4vention der Atemweg Erkrankungen\uff1a<\/strong><br \/>\n<strong>Grippe<br \/>\nSARS, Corona<br \/>\nMumps<br \/>\nu.a.<\/strong>[\/vc_hoverbox][\/vc_column_inner][vc_column_inner width=&#8220;1\/3&#8243;][vc_column_text]<strong>Behandlung von Haut-\/Schleimhauterkrankungen<\/strong>[\/vc_column_text][vc_hoverbox image=&#8220;6472&#8243; primary_title=&#8220;&#8220; primary_title_font_container=&#8220;font_size:12&#8243; primary_title_google_fonts=&#8220;font_family:Alegreya%20Sans%3A100%2C100italic%2C300%2C300italic%2Cregular%2Citalic%2C500%2C500italic%2C700%2C700italic%2C800%2C800italic%2C900%2C900italic|font_style:400%20regular%3A400%3Anormal&#8220; primary_title_css_animation=&#8220;none&#8220; hover_title=&#8220;&#8220; hover_title_font_container=&#8220;font_size:12&#8243; hover_title_use_theme_fonts=&#8220;yes&#8220; hover_background_color=&#8220;sandy-brown&#8220; use_custom_fonts_primary_title=&#8220;true&#8220; use_custom_fonts_hover_title=&#8220;true&#8220;]<strong>Behandlung von Haut-\/Schleimhauterkrankungen\uff1a<\/strong><br \/>\n<strong>Follikulitis\uff0cEitrige Akne\uff0cOnychia lateralis<\/strong><br \/>\n<strong>Zellulitis\uff0cEkzem\uff0cInterphalangeale Erosion<\/strong><br \/>\n<strong>Vulva- und Vaginitis<\/strong><br \/>\n<strong>R\u00f6teln Masern u.a<\/strong>[\/vc_hoverbox][\/vc_column_inner][vc_column_inner width=&#8220;1\/3&#8243;][vc_column_text]<strong>Vorbeugung und Behandlung von anderen Krankheiten<\/strong>[\/vc_column_text][vc_hoverbox image=&#8220;6473&#8243; primary_title=&#8220;&#8220; primary_title_font_container=&#8220;font_size:20&#8243; primary_title_use_theme_fonts=&#8220;yes&#8220; hover_title=&#8220;&#8220; hover_title_font_container=&#8220;font_size:15&#8243; hover_title_use_theme_fonts=&#8220;yes&#8220; hover_background_color=&#8220;sandy-brown&#8220; use_custom_fonts_primary_title=&#8220;true&#8220; use_custom_fonts_hover_title=&#8220;true&#8220;]<strong>Vorbeugung und Behandlung von anderen Krankheiten\uff1a<\/strong><br \/>\n<strong>Lungenentz\u00fcndung\uff0cTrommelfellentz\u00fcndung<\/strong><br \/>\n<strong>Enteritis\uff0cExtraintestinale Infektion<\/strong><br \/>\n<strong>Intestinale Infektion<\/strong>[\/vc_hoverbox][\/vc_column_inner][\/vc_row_inner][\/vc_column][vc_column][vc_btn title=&#8220;Dong Yang 21 Bakteriostatische Salbe \u2013 Gebrauchsanweisung&#8220; i_icon_fontawesome=&#8220;fas fa-file-video&#8220; add_icon=&#8220;true&#8220; link=&#8220;url:https%3A%2F%2Fwww.ahq.at%2Farchives%2F7090%3Flang%3Dde&#8220;][vc_empty_space height=&#8220;16px&#8220;][vc_column_text]<strong>EU-weit: 14.90\u20ac<br \/>\nPorto: 5\u20ac. Portofrei ab 3 Schachteln. <\/strong><br \/>\n<strong>Abholung auch m\u00f6glich in den folgenden Ordinationen und Zentren:<\/strong>[\/vc_column_text][vc_row_inner][vc_column_inner width=&#8220;1\/3&#8243;][vc_column_text]Ordination Zhaohui REN<br \/>\nTuchlauben 18 Top 14, 2. Stock Lift 1010 Wien<br \/>\nDi &#8211; Do: 10:00-17:00 Uhr<br \/>\n[\/vc_column_text][\/vc_column_inner][vc_column_inner width=&#8220;1\/3&#8243;][vc_column_text]Yikang-Massagezentrum<br \/>\nGro\u00dfe Schiffgasse 30,1020 Wien<br \/>\n<a href=\"http:\/\/www.yikangmassage.at\">www.yikangmassage.at<\/a><br \/>\nMo-Sa: 10:00-20:00[\/vc_column_text][\/vc_column_inner][vc_column_inner width=&#8220;1\/3&#8243;][vc_column_text]Huikang-Massagezentrum<br \/>\nAegidigasse 20, 1060 Wien<br \/>\nMo-Sa: 10:00-20:00<br \/>\n[\/vc_column_text][\/vc_column_inner][\/vc_row_inner][vc_row_inner][vc_column_inner width=&#8220;1\/3&#8243;][vc_column_text]Taiji Studio Familie Bai<br \/>\nNeubaugasse 31\/10, 1070 Wien<br \/>\n<a href=\"http:\/\/www.taiji-bai.at\">www.taiji-bai.at<\/a><br \/>\nMo-Do: 9:30-12:30[\/vc_column_text][\/vc_column_inner][vc_column_inner width=&#8220;1\/3&#8243;][vc_column_text]DC MED GESUNDHEITSVERSORGUNG<br \/>\nDonau-City-Stra\u00dfe 12\/EG\/2.005, 1220 Wien<br \/>\n<a href=\"http:\/\/www.dc-med.at\">www.dc-med.at<\/a>[\/vc_column_text][\/vc_column_inner][vc_column_inner width=&#8220;1\/3&#8243;][vc_column_text]SinoSpa<br \/>\nPrinz Eugen Stra\u00dfe 74.1040 Wien<br \/>\nT:019962114 <a href=\"http:\/\/www.sinospa.at\">www.sinospa.at<\/a><br \/>\nMontag bis Samstag: 10:00 &#8211; 20:00[\/vc_column_text][\/vc_column_inner][\/vc_row_inner][vc_row_inner][vc_column_inner][vc_column_text]Um es unseren Kunden bequemer zu machen, kann w\u00e4hrend der Winterzeit auch unter folgender Adresse erworben werden:<br \/>\nAsia Center Supermarkt, Rechte Wienzeile 39, 1040 Wien[\/vc_column_text][\/vc_column_inner][\/vc_row_inner][\/vc_column][\/vc_row][vc_row full_width=&#8220;stretch_row&#8220; el_class=&#8220;vc-fill-notop-padding&#8220;][vc_column][vc_empty_space height=&#8220;36px&#8220;][vc_btn title=&#8220;Produkt Bestellung&#8220; i_align=&#8220;right vc_btn3-icon-sep-line&#8220; i_type=&#8220;stroke&#8220; i_icon_stroke=&#8220;dt-stroke-icon icon icon-arrow&#8220; style=&#8220;flat&#8220; shape=&#8220;square&#8220; align=&#8220;center&#8220; add_icon=&#8220;true&#8220; el_class=&#8220;fill_pattern_bg&#8220; link=&#8220;url:https%3A%2F%2Fwww.ahq.at%2Fprodukt-bestellung%3Flang%3Dde|title:Produkt%20Bestellung&#8220;][\/vc_column][\/vc_row][vc_row el_class=&#8220;vc-fill-notop-padding&#8220;][vc_column][vc_text_separator title=&#8220;&#8220; i_icon_fontawesome=&#8220;far fa-edit&#8220; i_color=&#8220;orange&#8220; color=&#8220;orange&#8220; border_width=&#8220;3&#8243; add_icon=&#8220;true&#8220;][\/vc_column][\/vc_row]<\/p>\n","protected":false},"excerpt":{"rendered":"<p>[vc_row full_width=&#8220;stretch_row&#8220; el_class=&#8220;vc-fill-notop-padding&#8220;][vc_column css=&#8220;.vc_custom_1465550877496{padding-right: 10px !important;padding-left: 10px !important;}&#8220;][vc_empty_space height=&#8220;20px&#8220;][vc_custom_heading text=&#8220;Dong Yang 21 Bakteriostatische Salbe&#8220; font_container=&#8220;tag:h1|text_align:left&#8220; use_theme_fonts=&#8220;yes&#8220;][vc_separator color=&#8220;custom&#8220; align=&#8220;align_left&#8220; style=&#8220;stitch-dashed&#8220; el_width=&#8220;10&#8243; accent_color=&#8220;#a58251&#8243;][vc_empty_space height=&#8220;5px&#8220;][vc_column_text]In &#8222;SuWen&#8220; (der Gelbe Kaiser) wird \u00fcber den Fluss der Hunderten von Meridianen zur Lunge gesprochen. Unter normalen Umst\u00e4nden gibt es Impulse, das Meridian-Qi kehrt in die Lunge zur\u00fcck, und breitet sich auf dem [&hellip;]<\/p>\n","protected":false},"author":1,"featured_media":0,"parent":0,"menu_order":0,"comment_status":"closed","ping_status":"closed","template":"","meta":[],"_links":{"self":[{"href":"https:\/\/www.ahq.at\/de\/wp-json\/wp\/v2\/pages\/6412"}],"collection":[{"href":"https:\/\/www.ahq.at\/de\/wp-json\/wp\/v2\/pages"}],"about":[{"href":"https:\/\/www.ahq.at\/de\/wp-json\/wp\/v2\/types\/page"}],"author":[{"embeddable":true,"href":"https:\/\/www.ahq.at\/de\/wp-json\/wp\/v2\/users\/1"}],"replies":[{"embeddable":true,"href":"https:\/\/www.ahq.at\/de\/wp-json\/wp\/v2\/comments?post=6412"}],"version-history":[{"count":10,"href":"https:\/\/www.ahq.at\/de\/wp-json\/wp\/v2\/pages\/6412\/revisions"}],"predecessor-version":[{"id":7147,"href":"https:\/\/www.ahq.at\/de\/wp-json\/wp\/v2\/pages\/6412\/revisions\/7147"}],"wp:attachment":[{"href":"https:\/\/www.ahq.at\/de\/wp-json\/wp\/v2\/media?parent=6412"}],"curies":[{"name":"wp","href":"https:\/\/api.w.org\/{rel}","templated":true}]}}